{"id":6,"date":"2025-09-03T19:52:23","date_gmt":"2025-09-03T17:52:23","guid":{"rendered":"http:\/\/deweloper.test\/?page_id=6"},"modified":"2025-09-03T22:10:29","modified_gmt":"2025-09-03T20:10:29","slug":"strona-glowna","status":"publish","type":"page","link":"https:\/\/gtbud.pl\/","title":{"rendered":"Strona g\u0142\u00f3wna"},"content":{"rendered":"        <section class=\"page-section bg-light portfolio\" id=\"inwestycje\">\n            <div class=\"container\">\n                <div class=\"text-center\">\n                    <h2 class=\"section-heading text-uppercase\">Inwestycje<\/h2>\n                    <h3 class=\"section-subheading text-muted\">Aktualne przedsi\u0119wzi\u0119cia deweloperskie<\/h3>\n                <\/div>\n                <div class=\"row\">\n\t\t\t\t\t\t\t\t\t\t\t\t\t\t\t\t\t\t\n\t\t\t\t\t\t\t\n\t\t\t\t\t\t\t<div class=\"col-lg-4 col-sm-6 mb-4\">\n\t\t\t\t\t\t\t\t<div class=\"portfolio-item\">\n\t\t\t\t\t\t\t\t\t<a class=\"portfolio-link\" href=\"https:\/\/gtbud.pl\/?investitions=inwestycja-1\">\n\t\t\t\t\t\t\t\t\t\t<div class=\"portfolio-hover\">\n\t\t\t\t\t\t\t\t\t\t\t<div class=\"portfolio-hover-content\"><i class=\"fas fa-plus fa-3x\"><\/i><\/div>\n\t\t\t\t\t\t\t\t\t\t<\/div>\n\t\t\t\t\t\t\t\t\t\t<img decoding=\"async\" class=\"img-fluid\" src=\"https:\/\/gtbud.pl\/wp-content\/uploads\/2025\/09\/wiz_3-1024x576.jpg\" alt=\"Ludwinowo Zegrzy\u0144skie\" \/>\n\t\t\t\t\t\t\t\t\t<\/a>\n\t\t\t\t\t\t\t\t\t<div class=\"portfolio-caption\">\n\t\t\t\t\t\t\t\t\t\t<div class=\"portfolio-caption-heading\">Ludwinowo Zegrzy\u0144skie<\/div>\n\t\t\t\t\t\t\t\t\t\t<div class=\"portfolio-caption-subheading text-muted\">W trakcie budowy nowe osiedle w Ludwinowie Zegrzy\u0144skim, zjazd z ul. Nasielskiej, sk\u0142adaj\u0105ce si\u0119 z\u00a0budynk\u00f3w jednorodzinnych pi\u0119trowych dwulokalowych z gara\u017cem<\/div>\n\t\t\t\t\t\t\t\t\t<\/div>\n\t\t\t\t\t\t\t\t<\/div>\n\t\t\t\t\t\t\t<\/div>\n\t\t\t\t\t\t\t\t\t\t\t\n\t\t\t\t\t                <\/div>\n            <\/div>\n        <\/section>\n        \n\n\n        <section class=\"page-section contact\" id=\"kontakt\" style=\"background-image:url(https:\/\/gtbud.pl\/wp-content\/uploads\/2025\/09\/key-4516169_1920.jpg);\">\n            <div class=\"container\">\n                <div class=\"text-center\">\n                    <h2 class=\"section-heading text-uppercase\">Dane kontaktowe<\/h2>\n                    <h3 class=\"section-subheading text-muted\">Zapraszamy do kontaktu<\/h3>\n                <\/div>\n\n\t\t\t\t<div class=\"row align-items-stretch mb-5\">\n\t\t\t\t\t<div class=\"row gy-5\">\n\n\t\t\t\t\t\t<!-- Dane firmy -->\n\t\t\t\t\t\t<div class=\"col-md-4\">\n\t\t\t\t\t\t\t\n\n\t\t\t\t\t\t\t\n\t\t\t\t\t\t\t<!-- <h4 class=\"f-big fw-bold mb-3\">Deweloper<\/h4> -->\n\t\t\t\t\t\t\t\n\t\t\t\t\t\t\t<p ><strong>&quot;GT BUD&quot; Iwona Chrustowska<\/strong><\/p>\n\t\t\t\t\t\t\t\t\t\t\t\t\t\t\t<p class=\"mb-1\">Dzia\u0142alno\u015b\u0107 Gospodarcza<\/p>\n\t\t\t\t\t\t\t\t\t\t\t\t\t\t<p class=\"mb-1\">NIP: 5311484304<\/p>\n\t\t\t\t\t\t\t\t\t\t\t\t\t\t\t<p class=\"mb-1\">REGON: 389955708<\/p>\n\t\t\t\t\t\t\t\t\t\t\t\t\t\t\t\t\t\t\t\t\t\t\t\t\t\t\t<\/div>\n\n\t\t\t\t\t\t<!-- Adresy -->\n\t\t\t\t\t\t<div class=\"col-md-4\">\n\t\t\t\t\t\t\t<h4 class=\"fw-bold mb-3\">Adresy<\/h4>\n\t\t\t\t\t\t\t<p class=\"mb-2\"><strong>Siedziba:<\/strong><br>ul. D\u0119bowa  76 , lok. 11, 05-100, Nowy Dw\u00f3r Mazowiecki<\/p>\n\t\t\t\t\t\t\t<p class=\"mb-2\"><strong>Sprzeda\u017c:<\/strong><br>ul. Warszawska 98, 05-123, Olszewnica Stara<\/p>\n\t\t\t\t\t\t\t\t\t\t\t\t\t<\/div>\n\n\t\t\t\t\t\t<!-- Kontakt -->\n\t\t\t\t\t\t<div class=\"col-md-4\">\n\t\t\t\t\t\t\t<h4 class=\"fw-bold mb-3\">Kontakt<\/h4>\n\t\t\t\t\t\t\t\t\t\t\t\t\t\t\t\t\t\t\t\t\t\t\t\t<p class=\"mb-1\">\n\t\t\t\t\t\t\t\t\t\t<i class=\"fa fa-phone\"><\/i>\n\t\t\t\t\t\t\t\t\t\t<a href=\"tel:609-400-050\">\n\t\t\t\t\t\t\t\t\t\t\t609-400-050\t\t\t\t\t\t\t\t\t\t<\/a>\n\t\t\t\t\t\t\t\t\t\t\t\t\t\t\t\t\t\t\t\t\t<small class=\"text-muted\"> (BIURO SPRZEDA\u017bY)<\/small>\n\t\t\t\t\t\t\t\t\t\t\t\t\t\t\t\t\t\t\t<\/p>\n\t\t\t\t\t\t\t\t\t\t\t\t\t\t\t\t\t<p class=\"mb-1\">\n\t\t\t\t\t\t\t\t\t\t<i class=\"fa fa-phone\"><\/i>\n\t\t\t\t\t\t\t\t\t\t<a href=\"tel:692-232-900\">\n\t\t\t\t\t\t\t\t\t\t\t692-232-900\t\t\t\t\t\t\t\t\t\t<\/a>\n\t\t\t\t\t\t\t\t\t\t\t\t\t\t\t\t\t\t\t\t\t<small class=\"text-muted\"> (BIURO SPRZEDA\u017bY)<\/small>\n\t\t\t\t\t\t\t\t\t\t\t\t\t\t\t\t\t\t\t<\/p>\n\t\t\t\t\t\t\t\t\t\t\t\t\t\t\t\t\t<p class=\"mb-1\">\n\t\t\t\t\t\t\t\t\t\t<i class=\"fa fa-phone\"><\/i>\n\t\t\t\t\t\t\t\t\t\t<a href=\"tel:608-416-216\">\n\t\t\t\t\t\t\t\t\t\t\t608-416-216\t\t\t\t\t\t\t\t\t\t<\/a>\n\t\t\t\t\t\t\t\t\t\t\t\t\t\t\t\t\t\t\t\t\t<small class=\"text-muted\"> (BIURO SPRZEDA\u017bY)<\/small>\n\t\t\t\t\t\t\t\t\t\t\t\t\t\t\t\t\t\t\t<\/p>\n\t\t\t\t\t\t\t\t\t\t\t\t\t\t\t\t\t\t\t\t\t\t\t\t\t\t\t\t\t\t\t\t\t\t\t\t\t\t\t\t\t\t\t\t<p class=\"mb-1\"><i class=\"fa fa-globe\"><\/i> <a href=\"http:\/\/www.gtbud.pl\" target=\"_blank\">www.gtbud.pl<\/a><\/p>\n\t\t\t\t\t\t\t\t\t\t\t\t\t\t\t\t\t\t\t\t\t\t<p class=\"mt-2\"><small><em>Preferowany kontakt: (prosimy o wcze\u015bniejsze telefoniczne umawianie wizyty)<\/em><\/small><\/p>\n\t\t\t\t\t\t\t\t\t\t\t\t\t<\/div>\n\n\t\t\t\t\t<\/div>\n\t\t\t\t<\/div>\n\t\t\t<\/div>\n\t\t<\/section>\n        \n","protected":false},"excerpt":{"rendered":"","protected":false},"author":1,"featured_media":0,"parent":0,"menu_order":0,"comment_status":"closed","ping_status":"closed","template":"","meta":{"footnotes":""},"class_list":["post-6","page","type-page","status-publish","hentry"],"yoast_head":"<!-- This site is optimized with the Yoast SEO plugin v27.4 - https:\/\/yoast.com\/product\/yoast-seo-wordpress\/ -->\n<title>Strona g\u0142\u00f3wna - &quot;GT BUD&quot; Iwona Chrustowska<\/title>\n<meta name=\"robots\" content=\"index, follow, max-snippet:-1, max-image-preview:large, max-video-preview:-1\" \/>\n<link rel=\"canonical\" href=\"https:\/\/gtbud.pl\/\" \/>\n<meta property=\"og:locale\" content=\"pl_PL\" \/>\n<meta property=\"og:type\" content=\"article\" \/>\n<meta property=\"og:title\" content=\"Strona g\u0142\u00f3wna - &quot;GT BUD&quot; Iwona Chrustowska\" \/>\n<meta property=\"og:url\" content=\"https:\/\/gtbud.pl\/\" \/>\n<meta property=\"og:site_name\" content=\"&quot;GT BUD&quot; Iwona Chrustowska\" \/>\n<meta property=\"article:modified_time\" content=\"2025-09-03T20:10:29+00:00\" \/>\n<meta name=\"twitter:card\" content=\"summary_large_image\" \/>\n<meta name=\"twitter:label1\" content=\"Szacowany czas czytania\" \/>\n\t<meta name=\"twitter:data1\" content=\"1 minuta\" \/>\n<script type=\"application\/ld+json\" class=\"yoast-schema-graph\">{\"@context\":\"https:\\\/\\\/schema.org\",\"@graph\":[{\"@type\":\"WebPage\",\"@id\":\"https:\\\/\\\/gtbud.pl\\\/\",\"url\":\"https:\\\/\\\/gtbud.pl\\\/\",\"name\":\"Strona g\u0142\u00f3wna - &quot;GT BUD&quot; Iwona Chrustowska\",\"isPartOf\":{\"@id\":\"https:\\\/\\\/gtbud.pl\\\/#website\"},\"datePublished\":\"2025-09-03T17:52:23+00:00\",\"dateModified\":\"2025-09-03T20:10:29+00:00\",\"breadcrumb\":{\"@id\":\"https:\\\/\\\/gtbud.pl\\\/#breadcrumb\"},\"inLanguage\":\"pl-PL\",\"potentialAction\":[{\"@type\":\"ReadAction\",\"target\":[\"https:\\\/\\\/gtbud.pl\\\/\"]}]},{\"@type\":\"BreadcrumbList\",\"@id\":\"https:\\\/\\\/gtbud.pl\\\/#breadcrumb\",\"itemListElement\":[{\"@type\":\"ListItem\",\"position\":1,\"name\":\"Home\",\"item\":\"https:\\\/\\\/gtbud.pl\\\/\"},{\"@type\":\"ListItem\",\"position\":2,\"name\":\"Strona g\u0142\u00f3wna\"}]},{\"@type\":\"WebSite\",\"@id\":\"https:\\\/\\\/gtbud.pl\\\/#website\",\"url\":\"https:\\\/\\\/gtbud.pl\\\/\",\"name\":\"&quot;GT BUD&quot; Iwona Chrustowska\",\"description\":\"INWESTYCJE\",\"potentialAction\":[{\"@type\":\"SearchAction\",\"target\":{\"@type\":\"EntryPoint\",\"urlTemplate\":\"https:\\\/\\\/gtbud.pl\\\/?s={search_term_string}\"},\"query-input\":{\"@type\":\"PropertyValueSpecification\",\"valueRequired\":true,\"valueName\":\"search_term_string\"}}],\"inLanguage\":\"pl-PL\"}]}<\/script>\n<!-- \/ Yoast SEO plugin. -->","yoast_head_json":{"title":"Strona g\u0142\u00f3wna - &quot;GT BUD&quot; Iwona Chrustowska","robots":{"index":"index","follow":"follow","max-snippet":"max-snippet:-1","max-image-preview":"max-image-preview:large","max-video-preview":"max-video-preview:-1"},"canonical":"https:\/\/gtbud.pl\/","og_locale":"pl_PL","og_type":"article","og_title":"Strona g\u0142\u00f3wna - &quot;GT BUD&quot; Iwona Chrustowska","og_url":"https:\/\/gtbud.pl\/","og_site_name":"&quot;GT BUD&quot; Iwona Chrustowska","article_modified_time":"2025-09-03T20:10:29+00:00","twitter_card":"summary_large_image","twitter_misc":{"Szacowany czas czytania":"1 minuta"},"schema":{"@context":"https:\/\/schema.org","@graph":[{"@type":"WebPage","@id":"https:\/\/gtbud.pl\/","url":"https:\/\/gtbud.pl\/","name":"Strona g\u0142\u00f3wna - &quot;GT BUD&quot; Iwona Chrustowska","isPartOf":{"@id":"https:\/\/gtbud.pl\/#website"},"datePublished":"2025-09-03T17:52:23+00:00","dateModified":"2025-09-03T20:10:29+00:00","breadcrumb":{"@id":"https:\/\/gtbud.pl\/#breadcrumb"},"inLanguage":"pl-PL","potentialAction":[{"@type":"ReadAction","target":["https:\/\/gtbud.pl\/"]}]},{"@type":"BreadcrumbList","@id":"https:\/\/gtbud.pl\/#breadcrumb","itemListElement":[{"@type":"ListItem","position":1,"name":"Home","item":"https:\/\/gtbud.pl\/"},{"@type":"ListItem","position":2,"name":"Strona g\u0142\u00f3wna"}]},{"@type":"WebSite","@id":"https:\/\/gtbud.pl\/#website","url":"https:\/\/gtbud.pl\/","name":"&quot;GT BUD&quot; Iwona Chrustowska","description":"INWESTYCJE","potentialAction":[{"@type":"SearchAction","target":{"@type":"EntryPoint","urlTemplate":"https:\/\/gtbud.pl\/?s={search_term_string}"},"query-input":{"@type":"PropertyValueSpecification","valueRequired":true,"valueName":"search_term_string"}}],"inLanguage":"pl-PL"}]}},"_links":{"self":[{"href":"https:\/\/gtbud.pl\/index.php?rest_route=\/wp\/v2\/pages\/6","targetHints":{"allow":["GET"]}}],"collection":[{"href":"https:\/\/gtbud.pl\/index.php?rest_route=\/wp\/v2\/pages"}],"about":[{"href":"https:\/\/gtbud.pl\/index.php?rest_route=\/wp\/v2\/types\/page"}],"author":[{"embeddable":true,"href":"https:\/\/gtbud.pl\/index.php?rest_route=\/wp\/v2\/users\/1"}],"replies":[{"embeddable":true,"href":"https:\/\/gtbud.pl\/index.php?rest_route=%2Fwp%2Fv2%2Fcomments&post=6"}],"version-history":[{"count":6,"href":"https:\/\/gtbud.pl\/index.php?rest_route=\/wp\/v2\/pages\/6\/revisions"}],"predecessor-version":[{"id":35,"href":"https:\/\/gtbud.pl\/index.php?rest_route=\/wp\/v2\/pages\/6\/revisions\/35"}],"wp:attachment":[{"href":"https:\/\/gtbud.pl\/index.php?rest_route=%2Fwp%2Fv2%2Fmedia&parent=6"}],"curies":[{"name":"wp","href":"https:\/\/api.w.org\/{rel}","templated":true}]}}